{"id":139,"date":"2022-09-07T09:36:56","date_gmt":"2022-09-07T07:36:56","guid":{"rendered":"https:\/\/8ujh.wp03.fastdigitalws.net\/politica-de-privacidad\/"},"modified":"2023-08-29T13:27:30","modified_gmt":"2023-08-29T11:27:30","slug":"politica-de-privacidad","status":"publish","type":"page","link":"https:\/\/www.ramioconsulting.com\/es\/politica-de-privacidad\/","title":{"rendered":"Pol\u00edtica de privacidad"},"content":{"rendered":"&#13;\n<h3>Who we are<\/h3>&#13;\n&#13;\n<p><strong class=\"privacy-policy-tutorial\">Sugested text:<\/strong> Our website address is: http:\/\/www.ramioconsulting.com.<\/p>&#13;\n&#13;\n<h3>Comments<\/h3>&#13;\n&#13;\n<p><strong class=\"privacy-policy-tutorial\">Sugerido texto:<\/strong> Los visitantes leen comentarios en el sitio web que recogen fechas se muestran en los comentarios completos, y tambi\u00e9n en los visitores IP address y navegador usuario agente de string para el despecci\u00f3n de spam.<\/p>&#13;\n&#13;\n<p>Anonymized string created from your e-mail address (alas called a hash) puede ser providido a la grabaci\u00f3n de servicio para obtener y se puede utilizar. The Gravatar service privacy policy es disponible here: https:\/\/automattic.com\/privacy\/. After approval de su comentario, su profile de imagen es visible en el p\u00fablico en el contexto de su comentario.<\/p>&#13;\n&#13;\n<h3>Media<\/h3>&#13;\n&#13;\n<p><strong class=\"privacy-policy-tutorial\">Sugerido texto:<\/strong> Cuando upload images en el sitio web, puedes avoid uploading images with embedded location data (EXIF GPS) included. Visitores para el sitio web se puede descargar y extraer el a\u00f1o para fecha de im\u00e1genes en el sitio web.<\/p>&#13;\n&#13;\n<h3>Cookies<\/h3>&#13;\n&#13;\n<p><strong class=\"privacy-policy-tutorial\">Sugerido texto:<\/strong> If you leave a comment en nuestro sitio yoy opte por saving mi name, email address y website en cookies. There are for your convenience son que el no puede tener hijo en tu detalle again when you leave another comment. Las cookies se deben a un a\u00f1o.<\/p>&#13;\n&#13;\n<p>Has visitado la p\u00e1gina web, que ha sido instalada en una cookie temprana para determinar y su navegador acepta cookies. Estas cookies no son personales personalizadas y se discardan cuando se close su navegador.<\/p>&#13;\n&#13;\n<p>Para que se encuentren, se pueden instalar en su serio cookies para saber su informaci\u00f3n de informaci\u00f3n y su pantalla de display. Login cookies last para 2 d\u00edas, y se crean opciones cookies last para year. Para seleccionar \u00abRemember Me\u00bb, su nombre de usuario est\u00e1 persistente para dos weeks. Cuando usted consiga un account, las logines cookies deben removerse.<\/p>&#13;\n&#13;\n<p>Cuando edit\u00f3 o publishe un art\u00edculo, una adici\u00f3n de cookie debe estar savedada en su navegador. Esta cookie incluye no personal fecha y simplemente indica el post ID de art\u00edculo y justo editado. It expiras after 1 day.<\/p>&#13;\n&#13;\n<h3>Embedded content from other websites<\/h3>&#13;\n&#13;\n<p><strong class=\"privacy-policy-tutorial\">Sugerido texto:<\/strong> Art\u00edculos donde este sitio include embedded content (eg videos, im\u00e1genes, art\u00edculos, etc.). Embedded content from other websites behaves en el exacto de la misma manera que el visitante ha visitado el other website.<\/p>&#13;\n&#13;\n<p>Thes website collect data sobre usted, use cookies, embeded adicional third-party tracking, y monitor su interacci\u00f3 s este embedded content, including tracking your interaction s embedded content you have account and logged in to web.<\/p>&#13;\n&#13;\n<h3>Who we share your data with<\/h3>&#13;\n&#13;\n<p><strong class=\"privacy-policy-tutorial\">Sugerido texto:<\/strong> Cuando requiera un password reset, su IP address se incluye en el reset email.<\/p>&#13;\n&#13;\n<h3>How long we retain your data<\/h3>&#13;\n&#13;\n<p><strong class=\"privacy-policy-tutorial\">Sugerido texto:<\/strong> Cuando leave comment, el comentario y su metadata se retained indefinitely. Este es un recognize y approve a\u00f1o.<\/p>&#13;\n&#13;\n<p>Los usuarios que registran en nuestro sitio web (y al a\u00f1o), tambi\u00e9n tienen el personal de informaci\u00f3n que providen en sus usuarios profile. All users can see, edit, or delete their personal information at any time (excepto they cannot change their username). Website administrators can tambi\u00e9n see and edit that information.<\/p>&#13;\n&#13;\n<h3>What rights you have over your data<\/h3>&#13;\n&#13;\n<p><strong class=\"privacy-policy-tutorial\">Sugerido texto:<\/strong> Cuando usted ha recurrido a este sitio, o hab\u00eda varios comentarios, usted puede requerir el recibo en exportar archivos de la personalidad de la fecha que se ha publicado, incluyendo el a\u00f1o de fecha y que ha sido providado. You can also request that we erase a\u00f1o personal fecha we hold about you. Estas no incluyen a\u00f1o a fecha que se obligar\u00e1n a administrar, legal, o seguridad purposas.<\/p>&#13;\n&#13;\n<h3>Where your data is siente<\/h3>&#13;\n&#13;\n<p><strong class=\"privacy-policy-tutorial\">Sugested text:<\/strong> Visitor comments puede ser revisado por automatizado spam detection service.<\/p>&#13;\n","protected":false},"excerpt":{"rendered":"<p>&#13; Who we are &#13; &#13; Sugested text: Our website  [&#8230;]<\/p>\n","protected":false},"author":2,"featured_media":0,"parent":0,"menu_order":0,"comment_status":"closed","ping_status":"closed","template":"","meta":{"_coblocks_attr":"","_coblocks_dimensions":"","_coblocks_responsive_height":"","_coblocks_accordion_ie_support":""},"yoast_head":"<!-- This site is optimized with the Yoast SEO plugin v20.13 - https:\/\/yoast.com\/wordpress\/plugins\/seo\/ -->\n<title>Pol\u00edtica de privacidad | Rami\u00f3 Consulting<\/title>\n<meta name=\"robots\" content=\"index, follow, max-snippet:-1, max-image-preview:large, max-video-preview:-1\" \/>\n<link rel=\"canonical\" href=\"https:\/\/www.ramioconsulting.com\/es\/politica-de-privacidad\/\" \/>\n<meta property=\"og:locale\" content=\"es_ES\" \/>\n<meta property=\"og:type\" content=\"article\" \/>\n<meta property=\"og:title\" content=\"Pol\u00edtica de privacidad | Rami\u00f3 Consulting\" \/>\n<meta property=\"og:description\" content=\"&#013; Who we are &#013; &#013; Sugested text: Our website [...]\" \/>\n<meta property=\"og:url\" content=\"https:\/\/www.ramioconsulting.com\/es\/politica-de-privacidad\/\" \/>\n<meta property=\"og:site_name\" content=\"Rami\u00f3 Consulting\" \/>\n<meta property=\"article:modified_time\" content=\"2023-08-29T11:27:30+00:00\" \/>\n<meta name=\"twitter:card\" content=\"summary_large_image\" \/>\n<meta name=\"twitter:label1\" content=\"Tiempo de lectura\" \/>\n\t<meta name=\"twitter:data1\" content=\"3 minutos\" \/>\n<script type=\"application\/ld+json\" class=\"yoast-schema-graph\">{\"@context\":\"https:\/\/schema.org\",\"@graph\":[{\"@type\":\"WebPage\",\"@id\":\"https:\/\/www.ramioconsulting.com\/es\/politica-de-privacidad\/\",\"url\":\"https:\/\/www.ramioconsulting.com\/es\/politica-de-privacidad\/\",\"name\":\"Pol\u00edtica de privacidad | Rami\u00f3 Consulting\",\"isPartOf\":{\"@id\":\"https:\/\/www.ramioconsulting.com\/es\/#website\"},\"datePublished\":\"2022-09-07T07:36:56+00:00\",\"dateModified\":\"2023-08-29T11:27:30+00:00\",\"breadcrumb\":{\"@id\":\"https:\/\/www.ramioconsulting.com\/es\/politica-de-privacidad\/#breadcrumb\"},\"inLanguage\":\"es\",\"potentialAction\":[{\"@type\":\"ReadAction\",\"target\":[\"https:\/\/www.ramioconsulting.com\/es\/politica-de-privacidad\/\"]}]},{\"@type\":\"BreadcrumbList\",\"@id\":\"https:\/\/www.ramioconsulting.com\/es\/politica-de-privacidad\/#breadcrumb\",\"itemListElement\":[{\"@type\":\"ListItem\",\"position\":1,\"name\":\"Home\",\"item\":\"https:\/\/www.ramioconsulting.com\/es\/\"},{\"@type\":\"ListItem\",\"position\":2,\"name\":\"Pol\u00edtica de privacidad\"}]},{\"@type\":\"WebSite\",\"@id\":\"https:\/\/www.ramioconsulting.com\/es\/#website\",\"url\":\"https:\/\/www.ramioconsulting.com\/es\/\",\"name\":\"Rami\u00f3 Consulting\",\"description\":\"Tot el que la teva empresa necessita\",\"publisher\":{\"@id\":\"https:\/\/www.ramioconsulting.com\/es\/#organization\"},\"alternateName\":\"Tot el que la teva empresa necessita\",\"potentialAction\":[{\"@type\":\"SearchAction\",\"target\":{\"@type\":\"EntryPoint\",\"urlTemplate\":\"https:\/\/www.ramioconsulting.com\/es\/?s={search_term_string}\"},\"query-input\":\"required name=search_term_string\"}],\"inLanguage\":\"es\"},{\"@type\":\"Organization\",\"@id\":\"https:\/\/www.ramioconsulting.com\/es\/#organization\",\"name\":\"Rami\u00f3 Consulting\",\"alternateName\":\"Tot el que la teva empresa necessita\",\"url\":\"https:\/\/www.ramioconsulting.com\/es\/\",\"logo\":{\"@type\":\"ImageObject\",\"inLanguage\":\"es\",\"@id\":\"https:\/\/www.ramioconsulting.com\/es\/#\/schema\/logo\/image\/\",\"url\":\"https:\/\/www.ramioconsulting.com\/wp-content\/uploads\/2022\/10\/Ramio-Consulting.svg\",\"contentUrl\":\"https:\/\/www.ramioconsulting.com\/wp-content\/uploads\/2022\/10\/Ramio-Consulting.svg\",\"width\":155,\"height\":57,\"caption\":\"Rami\u00f3 Consulting\"},\"image\":{\"@id\":\"https:\/\/www.ramioconsulting.com\/es\/#\/schema\/logo\/image\/\"}}]}<\/script>\n<!-- \/ Yoast SEO plugin. -->","yoast_head_json":{"title":"Pol\u00edtica de privacidad | Rami\u00f3 Consulting","robots":{"index":"index","follow":"follow","max-snippet":"max-snippet:-1","max-image-preview":"max-image-preview:large","max-video-preview":"max-video-preview:-1"},"canonical":"https:\/\/www.ramioconsulting.com\/es\/politica-de-privacidad\/","og_locale":"es_ES","og_type":"article","og_title":"Pol\u00edtica de privacidad | Rami\u00f3 Consulting","og_description":"&#13; Who we are &#13; &#13; Sugested text: Our website [...]","og_url":"https:\/\/www.ramioconsulting.com\/es\/politica-de-privacidad\/","og_site_name":"Rami\u00f3 Consulting","article_modified_time":"2023-08-29T11:27:30+00:00","twitter_card":"summary_large_image","twitter_misc":{"Tiempo de lectura":"3 minutos"},"schema":{"@context":"https:\/\/schema.org","@graph":[{"@type":"WebPage","@id":"https:\/\/www.ramioconsulting.com\/es\/politica-de-privacidad\/","url":"https:\/\/www.ramioconsulting.com\/es\/politica-de-privacidad\/","name":"Pol\u00edtica de privacidad | Rami\u00f3 Consulting","isPartOf":{"@id":"https:\/\/www.ramioconsulting.com\/es\/#website"},"datePublished":"2022-09-07T07:36:56+00:00","dateModified":"2023-08-29T11:27:30+00:00","breadcrumb":{"@id":"https:\/\/www.ramioconsulting.com\/es\/politica-de-privacidad\/#breadcrumb"},"inLanguage":"es","potentialAction":[{"@type":"ReadAction","target":["https:\/\/www.ramioconsulting.com\/es\/politica-de-privacidad\/"]}]},{"@type":"BreadcrumbList","@id":"https:\/\/www.ramioconsulting.com\/es\/politica-de-privacidad\/#breadcrumb","itemListElement":[{"@type":"ListItem","position":1,"name":"Home","item":"https:\/\/www.ramioconsulting.com\/es\/"},{"@type":"ListItem","position":2,"name":"Pol\u00edtica de privacidad"}]},{"@type":"WebSite","@id":"https:\/\/www.ramioconsulting.com\/es\/#website","url":"https:\/\/www.ramioconsulting.com\/es\/","name":"Rami\u00f3 Consulting","description":"Tot el que la teva empresa necessita","publisher":{"@id":"https:\/\/www.ramioconsulting.com\/es\/#organization"},"alternateName":"Tot el que la teva empresa necessita","potentialAction":[{"@type":"SearchAction","target":{"@type":"EntryPoint","urlTemplate":"https:\/\/www.ramioconsulting.com\/es\/?s={search_term_string}"},"query-input":"required name=search_term_string"}],"inLanguage":"es"},{"@type":"Organization","@id":"https:\/\/www.ramioconsulting.com\/es\/#organization","name":"Rami\u00f3 Consulting","alternateName":"Tot el que la teva empresa necessita","url":"https:\/\/www.ramioconsulting.com\/es\/","logo":{"@type":"ImageObject","inLanguage":"es","@id":"https:\/\/www.ramioconsulting.com\/es\/#\/schema\/logo\/image\/","url":"https:\/\/www.ramioconsulting.com\/wp-content\/uploads\/2022\/10\/Ramio-Consulting.svg","contentUrl":"https:\/\/www.ramioconsulting.com\/wp-content\/uploads\/2022\/10\/Ramio-Consulting.svg","width":155,"height":57,"caption":"Rami\u00f3 Consulting"},"image":{"@id":"https:\/\/www.ramioconsulting.com\/es\/#\/schema\/logo\/image\/"}}]}},"_links":{"self":[{"href":"https:\/\/www.ramioconsulting.com\/es\/wp-json\/wp\/v2\/pages\/139"}],"collection":[{"href":"https:\/\/www.ramioconsulting.com\/es\/wp-json\/wp\/v2\/pages"}],"about":[{"href":"https:\/\/www.ramioconsulting.com\/es\/wp-json\/wp\/v2\/types\/page"}],"author":[{"embeddable":true,"href":"https:\/\/www.ramioconsulting.com\/es\/wp-json\/wp\/v2\/users\/2"}],"replies":[{"embeddable":true,"href":"https:\/\/www.ramioconsulting.com\/es\/wp-json\/wp\/v2\/comments?post=139"}],"version-history":[{"count":4,"href":"https:\/\/www.ramioconsulting.com\/es\/wp-json\/wp\/v2\/pages\/139\/revisions"}],"predecessor-version":[{"id":1855,"href":"https:\/\/www.ramioconsulting.com\/es\/wp-json\/wp\/v2\/pages\/139\/revisions\/1855"}],"wp:attachment":[{"href":"https:\/\/www.ramioconsulting.com\/es\/wp-json\/wp\/v2\/media?parent=139"}],"curies":[{"name":"wp","href":"https:\/\/api.w.org\/{rel}","templated":true}]}}